{"id":10659,"date":"2019-09-14T13:08:34","date_gmt":"2019-09-14T11:08:34","guid":{"rendered":"https:\/\/www.bmoautomation.nl\/allgemeine-geschaftsbedingungen-bmo-automation-bv\/"},"modified":"2020-07-14T16:29:49","modified_gmt":"2020-07-14T14:29:49","slug":"allgemeine-geschaftsbedingungen-bmo-automation-bv","status":"publish","type":"page","link":"https:\/\/www.bmoautomation.nl\/de\/allgemeine-geschaftsbedingungen-bmo-automation-bv\/","title":{"rendered":"Allgemeine Gesch\u00e4ftsbedingungen BMO Automation BV"},"content":{"rendered":"<section class=\"l-section wpb_row height_auto\"><div class=\"l-section-h i-cf\"><div class=\"g-cols vc_row via_flex valign_top type_default stacking_default\"><div class=\"vc_col-sm-12 wpb_column vc_column_container\"><div class=\"vc_column-inner us_custom_12a0f7a4\"><div class=\"wpb_wrapper\"><div class=\"wpb_text_column\"><div class=\"wpb_wrapper\"><h1>Allgemeinen Gesch\u00e4ftsbedingungen<\/h1>\n<p>Klicken Sie auf den unten stehenden Link f\u00fcr die Allgemeinen Gesch\u00e4ftsbedingungen der BMO Automation B.V.<\/p>\n<p><a href=\"https:\/\/www.bmoautomation.nl\/wp-content\/uploads\/2019\/03\/Metaalunievoorwaarden-2019-Uitgebreid-Duits.pdf\">Allgemeine Gesch\u00e4ftsbedingungen BMO Automation BV<\/a><\/p>\n<\/div><\/div><\/div><\/div><\/div><\/div><\/div><\/section><section class=\"l-section wpb_row height_auto\"><div class=\"l-section-h i-cf\"><div class=\"g-cols vc_row via_flex valign_top type_default stacking_default\"><div class=\"vc_col-sm-12 wpb_column vc_column_container\"><div class=\"vc_column-inner\"><div class=\"wpb_wrapper\"><div class=\"w-separator size_large\"><\/div><\/div><\/div><\/div><\/div><\/div><\/section>\n","protected":false},"excerpt":{"rendered":"Allgemeinen Gesch\u00e4ftsbedingungen Klicken Sie auf den unten stehenden Link f\u00fcr die Allgemeinen Gesch\u00e4ftsbedingungen der BMO Automation B.V. Allgemeine Gesch\u00e4ftsbedingungen BMO Automation BV","protected":false},"author":4,"featured_media":0,"parent":0,"menu_order":13,"comment_status":"closed","ping_status":"closed","template":"","meta":{"footnotes":""},"class_list":["post-10659","page","type-page","status-publish","hentry"],"yoast_head":"<!-- This site is optimized with the Yoast SEO plugin v27.3 - https:\/\/yoast.com\/product\/yoast-seo-wordpress\/ -->\n<title>Allgemeine Gesch\u00e4ftsbedingungen BMO Automation BV | BMO Automation<\/title>\n<meta name=\"description\" content=\"Klicken Sie auf den unten stehenden Link f\u00fcr die Allgemeinen Gesch\u00e4ftsbedingungen der BMO Automation B.V.\" \/>\n<meta name=\"robots\" content=\"index, follow, max-snippet:-1, max-image-preview:large, max-video-preview:-1\" \/>\n<link rel=\"canonical\" href=\"https:\/\/www.bmoautomation.nl\/algemene-voorwaarden\/\" \/>\n<meta property=\"og:locale\" content=\"de_DE\" \/>\n<meta property=\"og:type\" content=\"article\" \/>\n<meta property=\"og:title\" content=\"Allgemeine Gesch\u00e4ftsbedingungen BMO Automation BV | BMO Automation\" \/>\n<meta property=\"og:description\" content=\"Klicken Sie auf den unten stehenden Link f\u00fcr die Allgemeinen Gesch\u00e4ftsbedingungen der BMO Automation B.V.\" \/>\n<meta property=\"og:url\" content=\"https:\/\/www.bmoautomation.nl\/algemene-voorwaarden\/\" \/>\n<meta property=\"og:site_name\" content=\"BMO Automation\" \/>\n<meta property=\"article:modified_time\" content=\"2020-07-14T14:29:49+00:00\" \/>\n<meta name=\"twitter:card\" content=\"summary_large_image\" \/>\n<script type=\"application\/ld+json\" class=\"yoast-schema-graph\">{\"@context\":\"https:\\\/\\\/schema.org\",\"@graph\":[{\"@type\":\"WebPage\",\"@id\":\"https:\\\/\\\/www.bmoautomation.nl\\\/algemene-voorwaarden\\\/\",\"url\":\"https:\\\/\\\/www.bmoautomation.nl\\\/algemene-voorwaarden\\\/\",\"name\":\"Allgemeine Gesch\u00e4ftsbedingungen BMO Automation BV | BMO Automation\",\"isPartOf\":{\"@id\":\"https:\\\/\\\/www.bmoautomation.nl\\\/#website\"},\"datePublished\":\"2019-09-14T11:08:34+00:00\",\"dateModified\":\"2020-07-14T14:29:49+00:00\",\"description\":\"Klicken Sie auf den unten stehenden Link f\u00fcr die Allgemeinen Gesch\u00e4ftsbedingungen der BMO Automation B.V.\",\"breadcrumb\":{\"@id\":\"https:\\\/\\\/www.bmoautomation.nl\\\/algemene-voorwaarden\\\/#breadcrumb\"},\"inLanguage\":\"de\",\"potentialAction\":[{\"@type\":\"ReadAction\",\"target\":[\"https:\\\/\\\/www.bmoautomation.nl\\\/algemene-voorwaarden\\\/\"]}]},{\"@type\":\"BreadcrumbList\",\"@id\":\"https:\\\/\\\/www.bmoautomation.nl\\\/algemene-voorwaarden\\\/#breadcrumb\",\"itemListElement\":[{\"@type\":\"ListItem\",\"position\":1,\"name\":\"Home\",\"item\":\"https:\\\/\\\/www.bmoautomation.nl\\\/de\\\/\"},{\"@type\":\"ListItem\",\"position\":2,\"name\":\"Allgemeine Gesch\u00e4ftsbedingungen BMO Automation BV\"}]},{\"@type\":\"WebSite\",\"@id\":\"https:\\\/\\\/www.bmoautomation.nl\\\/#website\",\"url\":\"https:\\\/\\\/www.bmoautomation.nl\\\/\",\"name\":\"BMO Automation\",\"description\":\"Automatisering voor CNC machines\",\"publisher\":{\"@id\":\"https:\\\/\\\/www.bmoautomation.nl\\\/#organization\"},\"potentialAction\":[{\"@type\":\"SearchAction\",\"target\":{\"@type\":\"EntryPoint\",\"urlTemplate\":\"https:\\\/\\\/www.bmoautomation.nl\\\/?s={search_term_string}\"},\"query-input\":{\"@type\":\"PropertyValueSpecification\",\"valueRequired\":true,\"valueName\":\"search_term_string\"}}],\"inLanguage\":\"de\"},{\"@type\":\"Organization\",\"@id\":\"https:\\\/\\\/www.bmoautomation.nl\\\/#organization\",\"name\":\"BMO Automation\",\"url\":\"https:\\\/\\\/www.bmoautomation.nl\\\/\",\"logo\":{\"@type\":\"ImageObject\",\"inLanguage\":\"de\",\"@id\":\"https:\\\/\\\/www.bmoautomation.nl\\\/#\\\/schema\\\/logo\\\/image\\\/\",\"url\":\"http:\\\/\\\/www.bmoautomation.nl\\\/wp-content\\\/uploads\\\/2018\\\/09\\\/logo.png\",\"contentUrl\":\"http:\\\/\\\/www.bmoautomation.nl\\\/wp-content\\\/uploads\\\/2018\\\/09\\\/logo.png\",\"width\":292,\"height\":78,\"caption\":\"BMO Automation\"},\"image\":{\"@id\":\"https:\\\/\\\/www.bmoautomation.nl\\\/#\\\/schema\\\/logo\\\/image\\\/\"}}]}<\/script>\n<!-- \/ Yoast SEO plugin. -->","yoast_head_json":{"title":"Allgemeine Gesch\u00e4ftsbedingungen BMO Automation BV | BMO Automation","description":"Klicken Sie auf den unten stehenden Link f\u00fcr die Allgemeinen Gesch\u00e4ftsbedingungen der BMO Automation B.V.","robots":{"index":"index","follow":"follow","max-snippet":"max-snippet:-1","max-image-preview":"max-image-preview:large","max-video-preview":"max-video-preview:-1"},"canonical":"https:\/\/www.bmoautomation.nl\/algemene-voorwaarden\/","og_locale":"de_DE","og_type":"article","og_title":"Allgemeine Gesch\u00e4ftsbedingungen BMO Automation BV | BMO Automation","og_description":"Klicken Sie auf den unten stehenden Link f\u00fcr die Allgemeinen Gesch\u00e4ftsbedingungen der BMO Automation B.V.","og_url":"https:\/\/www.bmoautomation.nl\/algemene-voorwaarden\/","og_site_name":"BMO Automation","article_modified_time":"2020-07-14T14:29:49+00:00","twitter_card":"summary_large_image","schema":{"@context":"https:\/\/schema.org","@graph":[{"@type":"WebPage","@id":"https:\/\/www.bmoautomation.nl\/algemene-voorwaarden\/","url":"https:\/\/www.bmoautomation.nl\/algemene-voorwaarden\/","name":"Allgemeine Gesch\u00e4ftsbedingungen BMO Automation BV | BMO Automation","isPartOf":{"@id":"https:\/\/www.bmoautomation.nl\/#website"},"datePublished":"2019-09-14T11:08:34+00:00","dateModified":"2020-07-14T14:29:49+00:00","description":"Klicken Sie auf den unten stehenden Link f\u00fcr die Allgemeinen Gesch\u00e4ftsbedingungen der BMO Automation B.V.","breadcrumb":{"@id":"https:\/\/www.bmoautomation.nl\/algemene-voorwaarden\/#breadcrumb"},"inLanguage":"de","potentialAction":[{"@type":"ReadAction","target":["https:\/\/www.bmoautomation.nl\/algemene-voorwaarden\/"]}]},{"@type":"BreadcrumbList","@id":"https:\/\/www.bmoautomation.nl\/algemene-voorwaarden\/#breadcrumb","itemListElement":[{"@type":"ListItem","position":1,"name":"Home","item":"https:\/\/www.bmoautomation.nl\/de\/"},{"@type":"ListItem","position":2,"name":"Allgemeine Gesch\u00e4ftsbedingungen BMO Automation BV"}]},{"@type":"WebSite","@id":"https:\/\/www.bmoautomation.nl\/#website","url":"https:\/\/www.bmoautomation.nl\/","name":"BMO Automation","description":"Automatisering voor CNC machines","publisher":{"@id":"https:\/\/www.bmoautomation.nl\/#organization"},"potentialAction":[{"@type":"SearchAction","target":{"@type":"EntryPoint","urlTemplate":"https:\/\/www.bmoautomation.nl\/?s={search_term_string}"},"query-input":{"@type":"PropertyValueSpecification","valueRequired":true,"valueName":"search_term_string"}}],"inLanguage":"de"},{"@type":"Organization","@id":"https:\/\/www.bmoautomation.nl\/#organization","name":"BMO Automation","url":"https:\/\/www.bmoautomation.nl\/","logo":{"@type":"ImageObject","inLanguage":"de","@id":"https:\/\/www.bmoautomation.nl\/#\/schema\/logo\/image\/","url":"https:\/\/www.bmoautomation.nl\/wp-content\/uploads\/2018\/09\/logo.png","contentUrl":"https:\/\/www.bmoautomation.nl\/wp-content\/uploads\/2018\/09\/logo.png","width":292,"height":78,"caption":"BMO Automation"},"image":{"@id":"https:\/\/www.bmoautomation.nl\/#\/schema\/logo\/image\/"}}]}},"_links":{"self":[{"href":"https:\/\/www.bmoautomation.nl\/de\/wp-json\/wp\/v2\/pages\/10659","targetHints":{"allow":["GET"]}}],"collection":[{"href":"https:\/\/www.bmoautomation.nl\/de\/wp-json\/wp\/v2\/pages"}],"about":[{"href":"https:\/\/www.bmoautomation.nl\/de\/wp-json\/wp\/v2\/types\/page"}],"author":[{"embeddable":true,"href":"https:\/\/www.bmoautomation.nl\/de\/wp-json\/wp\/v2\/users\/4"}],"replies":[{"embeddable":true,"href":"https:\/\/www.bmoautomation.nl\/de\/wp-json\/wp\/v2\/comments?post=10659"}],"version-history":[{"count":0,"href":"https:\/\/www.bmoautomation.nl\/de\/wp-json\/wp\/v2\/pages\/10659\/revisions"}],"wp:attachment":[{"href":"https:\/\/www.bmoautomation.nl\/de\/wp-json\/wp\/v2\/media?parent=10659"}],"curies":[{"name":"wp","href":"https:\/\/api.w.org\/{rel}","templated":true}]}}