{"id":10655,"date":"2019-09-14T13:08:14","date_gmt":"2019-09-14T11:08:14","guid":{"rendered":"https:\/\/www.bmoautomation.nl\/datenschutzerklarung\/"},"modified":"2020-07-14T16:29:49","modified_gmt":"2020-07-14T14:29:49","slug":"datenschutzerklarung","status":"publish","type":"page","link":"https:\/\/www.bmoautomation.nl\/de\/datenschutzerklarung\/","title":{"rendered":"Datenschutzerkl\u00e4rung"},"content":{"rendered":"<section class=\"l-section wpb_row height_auto\"><div class=\"l-section-h i-cf\"><div class=\"g-cols vc_row via_flex valign_top type_default stacking_default\"><div class=\"vc_col-sm-12 wpb_column vc_column_container\"><div class=\"vc_column-inner us_custom_12a0f7a4\"><div class=\"wpb_wrapper\"><div class=\"wpb_text_column\"><div class=\"wpb_wrapper\"><p><strong>DATENSCHUTZ- UND COOKIE-ERKL\u00c4RUNG BMO AUTOMATION BV<\/strong><\/p>\n<p><strong>Erfassung und Verwendung personenbezogener Daten von <u>Kunden, Lieferanten und anderen Vertragspartnern<\/u> <\/strong><\/p>\n<p>Wir m\u00f6chten Sie darauf hinweisen, dass wir die von Ihnen zur Verf\u00fcgung gestellten personenbezogenen Daten erheben und verwenden, da dies f\u00fcr den Abschluss und die Durchf\u00fchrung einer m\u00f6glichen Vereinbarung mit Ihnen erforderlich ist. Dies gilt sowohl f\u00fcr unsere (potenziellen) Kunden als auch f\u00fcr Parteien, von denen wir Waren und\/oder Dienstleistungen beziehen.<\/p>\n<p>Wenn Sie unser (potenzieller) Kunde sind, verwenden wir Ihre Daten, um Ihnen ein Angebot zukommen zu lassen, um festzustellen, welche Spezifikationen oder W\u00fcnsche bestimmte Waren oder Dienstleistungen erf\u00fcllen m\u00fcssen, um Waren liefern oder die T\u00e4tigkeiten f\u00fcr Sie ausf\u00fchren zu k\u00f6nnen, um Ihnen eine Rechnung ausstellen zu k\u00f6nnen und um mit Ihnen schnell und effizient \u00fcber die Umsetzungsaspekte der Vereinbarung kommunizieren zu k\u00f6nnen.<\/p>\n<p>Wenn Sie ein (potenzieller) Lieferant oder ein anderer Auftragnehmer sind, werden Ihre personenbezogenen Daten ebenfalls f\u00fcr den Abschluss und die Erf\u00fcllung des Vertrages ben\u00f6tigt. Dies ist im Falle des Kaufs notwendig, um Sie dar\u00fcber informieren zu k\u00f6nnen, welche Spezifikationen oder W\u00fcnsche bestimmte Waren oder Dienstleistungen unserer Meinung nach erf\u00fcllen sollen, um eine Angebotsanfrage zu senden oder eine Bestellung bei Ihnen aufzugeben, um Ihre Rechnungen bezahlen zu k\u00f6nnen und um schnell und effizient mit Ihnen \u00fcber andere Aspekte der Vereinbarung zu kommunizieren.<\/p>\n<p>Sie sind nicht zur Angabe Ihrer personenbezogenen Daten verpflichtet. Wenn Sie uns keine personenbezogenen Daten zur Verf\u00fcgung stellen oder uns nicht gen\u00fcgend personenbezogene Daten zur Verf\u00fcgung stellen, kann es aber sein, dass wir die oben genannten Aktivit\u00e4ten nicht durchf\u00fchren k\u00f6nnen.<\/p>\n<p><strong>Direktmarketing <\/strong><\/p>\n<p>Wenn Sie uns Ihre Einwilligung dazu erteilt haben, speichern und verwenden wir die von Ihnen zur Verf\u00fcgung gestellten personenbezogenen Daten, um Sie in Zukunft \u00fcber unsere bestehenden und neuen Produkte und Dienstleistungen pers\u00f6nlich per E-Mail informieren und Ihnen gegebenenfalls ein entsprechendes Angebot unterbreiten zu k\u00f6nnen. Jedes Mal, wenn wir Ihnen eine Marketing-E-Mail schicken, haben Sie die M\u00f6glichkeit, uns mitzuteilen, dass Sie diese E-Mails nicht mehr erhalten m\u00f6chten. Siehe in diesem Zusammenhang den Link am Ende jeder Mail.<\/p>\n<p><strong>Aufbewahrungsfrist personenbezogener Daten von <\/strong><strong><u>Kunden, Lieferanten und anderen Vertragspartnern<\/u><\/strong><\/p>\n<p>Wenn Sie ein Angebot von uns angefordert haben, aber kein Kunde von uns geworden sind, werden wir Ihre Daten sp\u00e4testens ein Jahr nach unserem letzten Kontakt l\u00f6schen. Wir werden Ihre personenbezogenen Daten auch sp\u00e4testens ein Jahr nach unserem letzten Kontakt entfernen, wenn wir ein Angebot von Ihnen erhalten haben, aber nicht zu Ihrem Kunden geworden sind. Wenn Sie unser Kunde oder wir Ihr Kunde geworden sind, speichern wir Ihre personenbezogenen Daten f\u00fcr einen Zeitraum von sieben Jahren nach Ablauf des Gesch\u00e4ftsjahres, in dem der Vertrag mit Ihnen abgeschlossen wurde. Der Zeitraum von sieben Jahren entspricht dem Zeitraum, f\u00fcr den wir verpflichtet sind, unsere Unterlagen f\u00fcr die Steuer- und Zollverwaltung zu f\u00fchren. Nach Ablauf dieser Frist werden wir Ihre personenbezogenen Daten l\u00f6schen.<\/p>\n<p><strong>Erfassung und Verwendung personenbezogener Daten von <u>Gesch\u00e4ftskunden<\/u> (andere als <\/strong><strong>Kunden, Lieferanten und anderen Vertragspartner)<\/strong><\/p>\n<p>Wir m\u00f6chten Sie darauf hinweisen, dass wir die von Ihnen zur Verf\u00fcgung gestellten personenbezogenen Daten erheben und verwenden, weil Sie eingewilligt haben oder weil dies zur Wahrung unserer berechtigten Interessen erforderlich ist. Wir verarbeiten folgende Daten: Name, Adresse und Kontaktdaten.<\/p>\n<p>Wenn Sie eine Gesch\u00e4ftsbeziehung mit uns haben, verwenden wir Ihre Daten, um Sie f\u00fcr Zwecke, die im Interesse unserer Gesch\u00e4ftst\u00e4tigkeit liegen, kontaktieren zu k\u00f6nnen. Dazu geh\u00f6ren beispielsweise die Besprechung einer m\u00f6glichen Zusammenarbeit, die Bereitstellung und Beschaffung von Informationen und die Pflege unseres Netzwerks.<\/p>\n<p>Sie sind nicht zur Angabe Ihrer personenbezogenen Daten verpflichtet. Wenn Sie uns keine personenbezogenen Daten zur Verf\u00fcgung stellen oder uns nicht gen\u00fcgend personenbezogene Daten zur Verf\u00fcgung stellen, kann es aber sein, dass wir die oben genannten Aktivit\u00e4ten nicht durchf\u00fchren k\u00f6nnen.<\/p>\n<p><strong>Aufbewahrungsfrist personenbezogener Daten von Gesch\u00e4ftspartnern <\/strong><\/p>\n<p>Personenbezogene Daten von Gesch\u00e4ftspartnern werden ein Jahr nach unserem letzten Kontakt gel\u00f6scht.<\/p>\n<p><strong>Cookies<\/strong><br \/>\nCookies sind kleine Textdateien, die w\u00e4hrend des Besuchs unserer Website auf Ihrem Computer, Tablett oder Smartphone abgelegt werden. In diesen Textdateien werden Informationen gespeichert, die die Website bei einem sp\u00e4teren Besuch wieder erkennt.<\/p>\n<p>Unsere Website verwendet funktionale Cookies. Dies erleichtert die Nutzung unserer Website. Dazu geh\u00f6rt beispielsweise das Aufbewahren von Produkten im Warenkorb oder das Speichern Ihrer Zugangsdaten w\u00e4hrend Ihres Besuchs.<\/p>\n<p>Analytische Cookies erm\u00f6glichen es uns zu sehen, welche Seiten besucht werden und welche Bereiche unserer Website Klicks erhalten. Dazu verwenden wir Google Analytics. Die so von Google gesammelten Informationen werden so weit wie m\u00f6glich anonymisiert.<\/p>\n<p><strong>Weitergabe an Dritte<\/strong><\/p>\n<p>Im Zusammenhang mit der Erf\u00fcllung einer m\u00f6glichen Vereinbarung mit Ihnen kann es notwendig sein, Ihre personenbezogenen Daten an Parteien weiterzugeben, die Teile, Materialien oder Produkte an uns liefern oder die auf unsere Anweisung hin Aktivit\u00e4ten ausf\u00fchren. Dar\u00fcber hinaus nutzen wir externe Server f\u00fcr die Speicherung von (Teilen von) unseren Verkaufs- und Einkaufsunterlagen sowie unserer Gesch\u00e4ftskontakte. Ihre personenbezogenen Daten sind Teil dieser Erfassung. Daher werden Ihre personenbezogenen Daten an die Bereitsteller der Server weitergegeben. Wir verwenden auch Microsoft Office und die dazugeh\u00f6rigen Speicherm\u00f6glichkeiten f\u00fcr E-Mails und andere Dateien. Da wir einen Newsletter-Versandservice nutzen, werden Ihre personenbezogenen Daten an den Anbieter dieses Dienstes \u00fcbermittelt.<\/p>\n<p><strong>Ihre Rechte<\/strong><\/p>\n<p>Sie haben das Recht, Einsicht in Ihre eigenen personenbezogenen Daten zu verlangen. In begr\u00fcndeten F\u00e4llen k\u00f6nnen Sie von uns auch die Erg\u00e4nzung Ihrer personenbezogenen Daten oder die Korrektur von Ungenauigkeiten verlangen. Sie haben auch das Recht zu verlangen, dass Ihre personenbezogenen Daten gel\u00f6scht oder die Verwendung Ihrer personenbezogenen Daten eingeschr\u00e4nkt wird. Sie k\u00f6nnen uns auch einen Widerspruch gegen die Erhebung und Verwendung Ihrer personenbezogenen Daten einreichen oder eine Beschwerde an die niederl\u00e4ndische Datenschutzbeh\u00f6rde richten. Und schlie\u00dflich haben Sie das Recht, die Einholung Ihrer personenbezogenen Daten oder deren \u00dcbermittlung an Dritte zu verlangen.<\/p>\n<p>Um Ihre Rechte aus\u00fcben zu k\u00f6nnen, wenden Sie sich an:<\/p>\n<p>BMO Automation BV<br \/>\nAfdeling administratie<\/p>\n<p>Platinastraat 24<br \/>\n6031 TW Nederweert<br \/>\nNiederlande<\/p>\n<p>+31 495 +622 +437<br \/>\n<a href=\"mailto:administratie@bmo-online.com\"> administratie@bmo-online.com<\/a><\/p>\n<p>&nbsp;<\/p>\n<p>Selbstverst\u00e4ndlich k\u00f6nnen Sie sich mit uns in Verbindung setzen, wenn Sie Fragen haben oder weitere Angaben zur Erhebung und Verwendung Ihrer personenbezogenen Daten w\u00fcnschen.<\/p>\n<p>&nbsp;<\/p>\n<p>[Privacy and cookie statement published on 22 may 2018 | Adressangaben am 1. Januar 2020 ge\u00e4ndert]<\/p>\n<\/div><\/div><\/div><\/div><\/div><\/div><\/div><\/section><section class=\"l-section wpb_row height_auto\"><div class=\"l-section-h i-cf\"><div class=\"g-cols vc_row via_flex valign_top type_default stacking_default\"><div class=\"vc_col-sm-12 wpb_column vc_column_container\"><div class=\"vc_column-inner\"><div class=\"wpb_wrapper\"><div class=\"w-separator size_large\"><\/div><\/div><\/div><\/div><\/div><\/div><\/section>\n","protected":false},"excerpt":{"rendered":"DATENSCHUTZ- UND COOKIE-ERKL\u00c4RUNG BMO AUTOMATION BV Erfassung und Verwendung personenbezogener Daten von Kunden, Lieferanten und anderen Vertragspartnern Wir m\u00f6chten Sie darauf hinweisen, dass wir die von Ihnen zur Verf\u00fcgung gestellten personenbezogenen Daten erheben und verwenden, da dies f\u00fcr den Abschluss und die Durchf\u00fchrung einer m\u00f6glichen Vereinbarung mit Ihnen erforderlich ist. Dies gilt sowohl f\u00fcr unsere...","protected":false},"author":4,"featured_media":0,"parent":0,"menu_order":13,"comment_status":"closed","ping_status":"closed","template":"","meta":{"footnotes":""},"class_list":["post-10655","page","type-page","status-publish","hentry"],"yoast_head":"<!-- This site is optimized with the Yoast SEO plugin v27.3 - https:\/\/yoast.com\/product\/yoast-seo-wordpress\/ -->\n<title>Datenschutzerkl\u00e4rung | BMO Automation<\/title>\n<meta name=\"description\" content=\"Datenschutzerkl\u00e4rung BMO Automation BV\" \/>\n<meta name=\"robots\" content=\"index, follow, max-snippet:-1, max-image-preview:large, max-video-preview:-1\" \/>\n<link rel=\"canonical\" href=\"https:\/\/www.bmoautomation.nl\/privacyverklaring\/\" \/>\n<meta property=\"og:locale\" content=\"de_DE\" \/>\n<meta property=\"og:type\" content=\"article\" \/>\n<meta property=\"og:title\" content=\"Datenschutzerkl\u00e4rung | BMO Automation\" \/>\n<meta property=\"og:description\" content=\"Datenschutzerkl\u00e4rung BMO Automation BV\" \/>\n<meta property=\"og:url\" content=\"https:\/\/www.bmoautomation.nl\/privacyverklaring\/\" \/>\n<meta property=\"og:site_name\" content=\"BMO Automation\" \/>\n<meta property=\"article:modified_time\" content=\"2020-07-14T14:29:49+00:00\" \/>\n<meta name=\"twitter:card\" content=\"summary_large_image\" \/>\n<meta name=\"twitter:label1\" content=\"Gesch\u00e4tzte Lesezeit\" \/>\n\t<meta name=\"twitter:data1\" content=\"6\u00a0Minuten\" \/>\n<script type=\"application\/ld+json\" class=\"yoast-schema-graph\">{\"@context\":\"https:\\\/\\\/schema.org\",\"@graph\":[{\"@type\":\"WebPage\",\"@id\":\"https:\\\/\\\/www.bmoautomation.nl\\\/privacyverklaring\\\/\",\"url\":\"https:\\\/\\\/www.bmoautomation.nl\\\/privacyverklaring\\\/\",\"name\":\"Datenschutzerkl\u00e4rung | BMO Automation\",\"isPartOf\":{\"@id\":\"https:\\\/\\\/www.bmoautomation.nl\\\/#website\"},\"datePublished\":\"2019-09-14T11:08:14+00:00\",\"dateModified\":\"2020-07-14T14:29:49+00:00\",\"description\":\"Datenschutzerkl\u00e4rung BMO Automation BV\",\"breadcrumb\":{\"@id\":\"https:\\\/\\\/www.bmoautomation.nl\\\/privacyverklaring\\\/#breadcrumb\"},\"inLanguage\":\"de\",\"potentialAction\":[{\"@type\":\"ReadAction\",\"target\":[\"https:\\\/\\\/www.bmoautomation.nl\\\/privacyverklaring\\\/\"]}]},{\"@type\":\"BreadcrumbList\",\"@id\":\"https:\\\/\\\/www.bmoautomation.nl\\\/privacyverklaring\\\/#breadcrumb\",\"itemListElement\":[{\"@type\":\"ListItem\",\"position\":1,\"name\":\"Home\",\"item\":\"https:\\\/\\\/www.bmoautomation.nl\\\/de\\\/\"},{\"@type\":\"ListItem\",\"position\":2,\"name\":\"Datenschutzerkl\u00e4rung\"}]},{\"@type\":\"WebSite\",\"@id\":\"https:\\\/\\\/www.bmoautomation.nl\\\/#website\",\"url\":\"https:\\\/\\\/www.bmoautomation.nl\\\/\",\"name\":\"BMO Automation\",\"description\":\"Automatisering voor CNC machines\",\"publisher\":{\"@id\":\"https:\\\/\\\/www.bmoautomation.nl\\\/#organization\"},\"potentialAction\":[{\"@type\":\"SearchAction\",\"target\":{\"@type\":\"EntryPoint\",\"urlTemplate\":\"https:\\\/\\\/www.bmoautomation.nl\\\/?s={search_term_string}\"},\"query-input\":{\"@type\":\"PropertyValueSpecification\",\"valueRequired\":true,\"valueName\":\"search_term_string\"}}],\"inLanguage\":\"de\"},{\"@type\":\"Organization\",\"@id\":\"https:\\\/\\\/www.bmoautomation.nl\\\/#organization\",\"name\":\"BMO Automation\",\"url\":\"https:\\\/\\\/www.bmoautomation.nl\\\/\",\"logo\":{\"@type\":\"ImageObject\",\"inLanguage\":\"de\",\"@id\":\"https:\\\/\\\/www.bmoautomation.nl\\\/#\\\/schema\\\/logo\\\/image\\\/\",\"url\":\"http:\\\/\\\/www.bmoautomation.nl\\\/wp-content\\\/uploads\\\/2018\\\/09\\\/logo.png\",\"contentUrl\":\"http:\\\/\\\/www.bmoautomation.nl\\\/wp-content\\\/uploads\\\/2018\\\/09\\\/logo.png\",\"width\":292,\"height\":78,\"caption\":\"BMO Automation\"},\"image\":{\"@id\":\"https:\\\/\\\/www.bmoautomation.nl\\\/#\\\/schema\\\/logo\\\/image\\\/\"}}]}<\/script>\n<!-- \/ Yoast SEO plugin. -->","yoast_head_json":{"title":"Datenschutzerkl\u00e4rung | BMO Automation","description":"Datenschutzerkl\u00e4rung BMO Automation BV","robots":{"index":"index","follow":"follow","max-snippet":"max-snippet:-1","max-image-preview":"max-image-preview:large","max-video-preview":"max-video-preview:-1"},"canonical":"https:\/\/www.bmoautomation.nl\/privacyverklaring\/","og_locale":"de_DE","og_type":"article","og_title":"Datenschutzerkl\u00e4rung | BMO Automation","og_description":"Datenschutzerkl\u00e4rung BMO Automation BV","og_url":"https:\/\/www.bmoautomation.nl\/privacyverklaring\/","og_site_name":"BMO Automation","article_modified_time":"2020-07-14T14:29:49+00:00","twitter_card":"summary_large_image","twitter_misc":{"Gesch\u00e4tzte Lesezeit":"6\u00a0Minuten"},"schema":{"@context":"https:\/\/schema.org","@graph":[{"@type":"WebPage","@id":"https:\/\/www.bmoautomation.nl\/privacyverklaring\/","url":"https:\/\/www.bmoautomation.nl\/privacyverklaring\/","name":"Datenschutzerkl\u00e4rung | BMO Automation","isPartOf":{"@id":"https:\/\/www.bmoautomation.nl\/#website"},"datePublished":"2019-09-14T11:08:14+00:00","dateModified":"2020-07-14T14:29:49+00:00","description":"Datenschutzerkl\u00e4rung BMO Automation BV","breadcrumb":{"@id":"https:\/\/www.bmoautomation.nl\/privacyverklaring\/#breadcrumb"},"inLanguage":"de","potentialAction":[{"@type":"ReadAction","target":["https:\/\/www.bmoautomation.nl\/privacyverklaring\/"]}]},{"@type":"BreadcrumbList","@id":"https:\/\/www.bmoautomation.nl\/privacyverklaring\/#breadcrumb","itemListElement":[{"@type":"ListItem","position":1,"name":"Home","item":"https:\/\/www.bmoautomation.nl\/de\/"},{"@type":"ListItem","position":2,"name":"Datenschutzerkl\u00e4rung"}]},{"@type":"WebSite","@id":"https:\/\/www.bmoautomation.nl\/#website","url":"https:\/\/www.bmoautomation.nl\/","name":"BMO Automation","description":"Automatisering voor CNC machines","publisher":{"@id":"https:\/\/www.bmoautomation.nl\/#organization"},"potentialAction":[{"@type":"SearchAction","target":{"@type":"EntryPoint","urlTemplate":"https:\/\/www.bmoautomation.nl\/?s={search_term_string}"},"query-input":{"@type":"PropertyValueSpecification","valueRequired":true,"valueName":"search_term_string"}}],"inLanguage":"de"},{"@type":"Organization","@id":"https:\/\/www.bmoautomation.nl\/#organization","name":"BMO Automation","url":"https:\/\/www.bmoautomation.nl\/","logo":{"@type":"ImageObject","inLanguage":"de","@id":"https:\/\/www.bmoautomation.nl\/#\/schema\/logo\/image\/","url":"https:\/\/www.bmoautomation.nl\/wp-content\/uploads\/2018\/09\/logo.png","contentUrl":"https:\/\/www.bmoautomation.nl\/wp-content\/uploads\/2018\/09\/logo.png","width":292,"height":78,"caption":"BMO Automation"},"image":{"@id":"https:\/\/www.bmoautomation.nl\/#\/schema\/logo\/image\/"}}]}},"_links":{"self":[{"href":"https:\/\/www.bmoautomation.nl\/de\/wp-json\/wp\/v2\/pages\/10655","targetHints":{"allow":["GET"]}}],"collection":[{"href":"https:\/\/www.bmoautomation.nl\/de\/wp-json\/wp\/v2\/pages"}],"about":[{"href":"https:\/\/www.bmoautomation.nl\/de\/wp-json\/wp\/v2\/types\/page"}],"author":[{"embeddable":true,"href":"https:\/\/www.bmoautomation.nl\/de\/wp-json\/wp\/v2\/users\/4"}],"replies":[{"embeddable":true,"href":"https:\/\/www.bmoautomation.nl\/de\/wp-json\/wp\/v2\/comments?post=10655"}],"version-history":[{"count":0,"href":"https:\/\/www.bmoautomation.nl\/de\/wp-json\/wp\/v2\/pages\/10655\/revisions"}],"wp:attachment":[{"href":"https:\/\/www.bmoautomation.nl\/de\/wp-json\/wp\/v2\/media?parent=10655"}],"curies":[{"name":"wp","href":"https:\/\/api.w.org\/{rel}","templated":true}]}}